{"id":7,"date":"2023-05-14T20:21:34","date_gmt":"2023-05-14T20:21:34","guid":{"rendered":"https:\/\/fabenglishschool.com\/?page_id=7"},"modified":"2023-05-21T20:12:12","modified_gmt":"2023-05-21T20:12:12","slug":"acerca-de","status":"publish","type":"page","link":"https:\/\/fabenglishschool.com\/?page_id=7","title":{"rendered":"Quienes somos"},"content":{"rendered":"\n<div class=\"wp-block-group has-nv-site-bg-background-color has-background is-layout-flow\"><div class=\"wp-block-group__inner-container\">\n<div style=\"height:21px\" aria-hidden=\"true\" class=\"wp-block-spacer\"><\/div>\n\n\n\n<h1 class=\"wp-block-heading has-text-align-left has-text-color\" style=\"color:#0b237d\">\u00bfQui\u00e9nes somos?<\/h1>\n<\/div><\/div>\n\n\n\n<div class=\"wp-block-cover alignfull\" style=\"min-height:600px\"><span aria-hidden=\"true\" class=\"wp-block-cover__background has-nv-text-dark-bg-background-color has-background-dim-100 has-background-dim\"><\/span><div class=\"wp-block-cover__inner-container\">\n<div class=\"wp-block-group is-layout-flow\"><div class=\"wp-block-group__inner-container\">\n<div class=\"wp-block-columns are-vertically-aligned-center is-layout-flex wp-container-4\">\n<div class=\"wp-block-column is-vertically-aligned-center is-layout-flow\" style=\"flex-basis:50%\">\n<figure class=\"wp-block-image size-large\"><img decoding=\"async\" loading=\"lazy\" width=\"1024\" height=\"683\" src=\"https:\/\/fabenglishschool.com\/wp-content\/uploads\/2023\/05\/7454886-1024x683.jpg\" alt=\"\" class=\"wp-image-209\" srcset=\"https:\/\/fabenglishschool.com\/wp-content\/uploads\/2023\/05\/7454886-1024x683.jpg 1024w, https:\/\/fabenglishschool.com\/wp-content\/uploads\/2023\/05\/7454886-300x200.jpg 300w, https:\/\/fabenglishschool.com\/wp-content\/uploads\/2023\/05\/7454886-768x512.jpg 768w, https:\/\/fabenglishschool.com\/wp-content\/uploads\/2023\/05\/7454886-1536x1024.jpg 1536w, https:\/\/fabenglishschool.com\/wp-content\/uploads\/2023\/05\/7454886-2048x1365.jpg 2048w, https:\/\/fabenglishschool.com\/wp-content\/uploads\/2023\/05\/7454886-930x620.jpg 930w\" sizes=\"(max-width: 1024px) 100vw, 1024px\" \/><\/figure>\n<\/div>\n\n\n\n<div class=\"wp-block-column is-vertically-aligned-center is-layout-flow\" style=\"flex-basis:50%\">\n<h2 class=\"wp-block-heading has-text-color\" style=\"color:#f10d28\">Una escuela dedicada a la ense\u00f1anza de idiomas<\/h2>\n\n\n\n<p class=\"has-neve-text-color-color has-text-color has-medium-font-size\">Somos especialistas en programas de formaci\u00f3n tanto para particulares como para empresas.<\/p>\n\n\n\n<p class=\"has-black-color has-text-color\">La directora del centro ha desarrollado una amplia carrera en el mundo de idiomas, <strong><mark style=\"background-color:rgba(0, 0, 0, 0);color:#0b237d\" class=\"has-inline-color\">con experiencia tanto en Espa\u00f1a como en el extranjero<\/mark><\/strong>. Es una empresa nueva y moderna, fundada este mismo a\u00f1o. Su experiencia y el gran equipo de profesionales que le rodea, hace que el \u00e9xito sea una garant\u00eda.<\/p>\n<\/div>\n<\/div>\n<\/div><\/div>\n<\/div><\/div>\n\n\n\n<div class=\"wp-block-cover alignfull\" style=\"min-height:600px\"><span aria-hidden=\"true\" class=\"wp-block-cover__background has-nv-dark-bg-background-color has-background-dim-100 has-background-dim\"><\/span><div class=\"wp-block-cover__inner-container\">\n<div class=\"wp-block-group is-layout-flow\"><div class=\"wp-block-group__inner-container\">\n<div style=\"height:23px\" aria-hidden=\"true\" class=\"wp-block-spacer\"><\/div>\n\n\n\n<div class=\"wp-block-columns are-vertically-aligned-center is-layout-flex wp-container-9\">\n<div class=\"wp-block-column is-vertically-aligned-center is-layout-flow\" style=\"flex-basis:50%\">\n<h2 class=\"wp-block-heading has-nv-text-dark-bg-color has-text-color\"><mark style=\"background-color:rgba(0, 0, 0, 0);color:#f10d28\" class=\"has-inline-color\">Nuestro objetivo:<\/mark> Ofrecer una ense\u00f1anza de idiomas de calidad<\/h2>\n\n\n\n<p class=\"has-nv-text-dark-bg-color has-text-color\">Somos conscientes de que aprender un idioma es un reto y pretendemos ayudarte a conseguirlo de una manera din\u00e1mica y sencilla, en grupos muy reducidos, con flexibilidad horaria y un gran equipo de profesionales.<\/p>\n\n\n\n<div style=\"height:20px\" aria-hidden=\"true\" class=\"wp-block-spacer\"><\/div>\n\n\n\n<div class=\"wp-block-buttons is-layout-flex\">\n<div class=\"wp-block-button is-style-primary\"><a class=\"wp-block-button__link has-nv-site-bg-color has-text-color has-background wp-element-button\" href=\"https:\/\/fabenglishschool.com\/?page_id=8\" style=\"background-color:#0b237d\">\u00a1TE ESPERAMOS!<\/a><\/div>\n<\/div>\n\n\n\n<div style=\"height:20px\" aria-hidden=\"true\" class=\"wp-block-spacer\"><\/div>\n<\/div>\n\n\n\n<div class=\"wp-block-column is-vertically-aligned-center is-layout-flow\" style=\"flex-basis:50%\">\n<figure class=\"wp-block-image size-large\"><img decoding=\"async\" loading=\"lazy\" width=\"1024\" height=\"684\" src=\"http:\/\/fabenglishschool.com\/wp-content\/uploads\/2023\/05\/fab-1024x684.jpg\" alt=\"\" class=\"wp-image-33\" srcset=\"https:\/\/fabenglishschool.com\/wp-content\/uploads\/2023\/05\/fab-1024x684.jpg 1024w, https:\/\/fabenglishschool.com\/wp-content\/uploads\/2023\/05\/fab-300x200.jpg 300w, https:\/\/fabenglishschool.com\/wp-content\/uploads\/2023\/05\/fab-768x513.jpg 768w, https:\/\/fabenglishschool.com\/wp-content\/uploads\/2023\/05\/fab-1536x1025.jpg 1536w, https:\/\/fabenglishschool.com\/wp-content\/uploads\/2023\/05\/fab-2048x1367.jpg 2048w, https:\/\/fabenglishschool.com\/wp-content\/uploads\/2023\/05\/fab-930x620.jpg 930w\" sizes=\"(max-width: 1024px) 100vw, 1024px\" \/><\/figure>\n<\/div>\n<\/div>\n\n\n\n<div style=\"height:40px\" aria-hidden=\"true\" class=\"wp-block-spacer\"><\/div>\n<\/div><\/div>\n<\/div><\/div>\n\n\n\n<div class=\"wp-block-cover alignfull\" style=\"min-height:504px\"><span aria-hidden=\"true\" class=\"wp-block-cover__background has-nv-site-bg-background-color has-background-dim-100 has-background-dim\"><\/span><div class=\"wp-block-cover__inner-container\">\n<div style=\"height:33px\" aria-hidden=\"true\" class=\"wp-block-spacer\"><\/div>\n\n\n\n<div class=\"wp-block-columns is-layout-flex wp-container-14\">\n<div class=\"wp-block-column ticss-4ce656f1 is-layout-flow\"><div class=\"wp-block-image icon-style is-style-rounded\">\n<figure class=\"aligncenter is-resized\"><img decoding=\"async\" loading=\"lazy\" src=\"https:\/\/fabenglishschool.com\/wp-content\/themes\/neve\/assets\/img\/starter-content\/icon-03.svg\" alt=\"\" width=\"48\" height=\"48\"\/><\/figure><\/div>\n\n\n<h3 class=\"wp-block-heading has-text-align-center has-text-color\" style=\"color:#f10d28\">Excelente calidad<\/h3>\n\n\n\n<p class=\"has-text-align-center has-text-color\" style=\"color:#0b237d;font-size:15px\"><strong><em>Profesores nativos o 100% biling\u00fces<\/em><\/strong><\/p>\n\n\n\n<div style=\"height:20px\" aria-hidden=\"true\" class=\"wp-block-spacer\"><\/div>\n<\/div>\n\n\n\n<div class=\"wp-block-column ticss-f6fc7494 is-layout-flow\"><div class=\"wp-block-image icon-style is-style-rounded\">\n<figure class=\"aligncenter is-resized\"><img decoding=\"async\" loading=\"lazy\" src=\"https:\/\/fabenglishschool.com\/wp-content\/themes\/neve\/assets\/img\/starter-content\/icon-03.svg\" alt=\"\" width=\"48\" height=\"48\"\/><\/figure><\/div>\n\n\n<h3 class=\"wp-block-heading has-text-align-center has-text-color\" style=\"color:#f10d28\">El mejor seguimiento<\/h3>\n\n\n\n<p class=\"has-text-align-center has-text-color\" style=\"color:#0b237d;font-size:15px\"><strong><em>Control peri\u00f3dico del alumno<\/em><\/strong><\/p>\n\n\n\n<div style=\"height:20px\" aria-hidden=\"true\" class=\"wp-block-spacer\"><\/div>\n<\/div>\n\n\n\n<div class=\"wp-block-column ticss-a5b4df29 is-layout-flow\"><div class=\"wp-block-image icon-style is-style-rounded\">\n<figure class=\"aligncenter is-resized\"><img decoding=\"async\" loading=\"lazy\" src=\"https:\/\/fabenglishschool.com\/wp-content\/themes\/neve\/assets\/img\/starter-content\/icon-03.svg\" alt=\"\" width=\"48\" height=\"48\"\/><\/figure><\/div>\n\n\n<h3 class=\"wp-block-heading has-text-align-center has-text-color\" style=\"color:#f10d28\">Grupos reducidos<\/h3>\n\n\n\n<p class=\"has-text-align-center has-text-color\" style=\"color:#0b237d;font-size:15px\"><strong><em>M\u00e1ximo de 6 alumnos <\/em><\/strong><\/p>\n\n\n\n<div style=\"height:20px\" aria-hidden=\"true\" class=\"wp-block-spacer\"><\/div>\n<\/div>\n<\/div>\n\n\n\n<div style=\"height:30px\" aria-hidden=\"true\" class=\"wp-block-spacer\"><\/div>\n<\/div><\/div>\n","protected":false},"excerpt":{"rendered":"<p>\u00bfQui\u00e9nes somos?<\/p>\n","protected":false},"author":1,"featured_media":0,"parent":0,"menu_order":0,"comment_status":"closed","ping_status":"closed","template":"","meta":{"neve_meta_sidebar":"","neve_meta_container":"","neve_meta_enable_content_width":"on","neve_meta_content_width":100,"neve_meta_title_alignment":"","neve_meta_author_avatar":"","neve_post_elements_order":"","neve_meta_disable_header":"","neve_meta_disable_footer":"","neve_meta_disable_title":"on"},"_links":{"self":[{"href":"https:\/\/fabenglishschool.com\/index.php?rest_route=\/wp\/v2\/pages\/7"}],"collection":[{"href":"https:\/\/fabenglishschool.com\/index.php?rest_route=\/wp\/v2\/pages"}],"about":[{"href":"https:\/\/fabenglishschool.com\/index.php?rest_route=\/wp\/v2\/types\/page"}],"author":[{"embeddable":true,"href":"https:\/\/fabenglishschool.com\/index.php?rest_route=\/wp\/v2\/users\/1"}],"replies":[{"embeddable":true,"href":"https:\/\/fabenglishschool.com\/index.php?rest_route=%2Fwp%2Fv2%2Fcomments&post=7"}],"version-history":[{"count":42,"href":"https:\/\/fabenglishschool.com\/index.php?rest_route=\/wp\/v2\/pages\/7\/revisions"}],"predecessor-version":[{"id":210,"href":"https:\/\/fabenglishschool.com\/index.php?rest_route=\/wp\/v2\/pages\/7\/revisions\/210"}],"wp:attachment":[{"href":"https:\/\/fabenglishschool.com\/index.php?rest_route=%2Fwp%2Fv2%2Fmedia&parent=7"}],"curies":[{"name":"wp","href":"https:\/\/api.w.org\/{rel}","templated":true}]}}