{"id":6,"date":"2023-05-14T20:21:34","date_gmt":"2023-05-14T20:21:34","guid":{"rendered":"https:\/\/fabenglishschool.com\/?page_id=6"},"modified":"2023-06-07T22:52:19","modified_gmt":"2023-06-07T22:52:19","slug":"inicio","status":"publish","type":"page","link":"https:\/\/fabenglishschool.com\/","title":{"rendered":"Inicio"},"content":{"rendered":"\n<div class=\"wp-block-cover alignfull\" style=\"min-height:522px\"><span aria-hidden=\"true\" class=\"wp-block-cover__background has-background-dim-70 has-background-dim\"><\/span><img decoding=\"async\" loading=\"lazy\" width=\"2560\" height=\"1709\" class=\"wp-block-cover__image-background wp-image-33\" alt=\"\" src=\"http:\/\/fabenglishschool.com\/wp-content\/uploads\/2023\/05\/fab-scaled.jpg\" style=\"object-position:51% 44%\" data-object-fit=\"cover\" data-object-position=\"51% 44%\" srcset=\"https:\/\/fabenglishschool.com\/wp-content\/uploads\/2023\/05\/fab-scaled.jpg 2560w, https:\/\/fabenglishschool.com\/wp-content\/uploads\/2023\/05\/fab-300x200.jpg 300w, https:\/\/fabenglishschool.com\/wp-content\/uploads\/2023\/05\/fab-1024x684.jpg 1024w, https:\/\/fabenglishschool.com\/wp-content\/uploads\/2023\/05\/fab-768x513.jpg 768w, https:\/\/fabenglishschool.com\/wp-content\/uploads\/2023\/05\/fab-1536x1025.jpg 1536w, https:\/\/fabenglishschool.com\/wp-content\/uploads\/2023\/05\/fab-2048x1367.jpg 2048w, https:\/\/fabenglishschool.com\/wp-content\/uploads\/2023\/05\/fab-930x620.jpg 930w\" sizes=\"(max-width: 2560px) 100vw, 2560px\" \/><div class=\"wp-block-cover__inner-container\">\n<h1 class=\"wp-block-heading alignwide has-text-align-center has-nv-site-bg-color has-text-color has-x-large-font-size\">\u00bfDeseando aprender o perfeccionar tus conocimientos de ingl\u00e9s?<\/h1>\n\n\n\n<h1 class=\"wp-block-heading alignwide has-text-align-center has-nv-site-bg-color has-text-color has-x-large-font-size\"><strong><mark style=\"background-color:rgba(0, 0, 0, 0)\" class=\"has-inline-color has-neve-link-hover-color-color\">FAB! English school es tu centro!<\/mark><\/strong><\/h1>\n\n\n\n<div class=\"wp-block-buttons is-content-justification-center is-layout-flex wp-container-1\">\n<div class=\"wp-block-button is-style-primary\"><a class=\"wp-block-button__link has-nv-site-bg-color has-neve-link-color-background-color has-text-color has-background wp-element-button\" href=\"https:\/\/fabenglishschool.com\/?page_id=8\">CONTACTAR<\/a><\/div>\n<\/div>\n<\/div><\/div>\n\n\n\n<div style=\"height:80px\" aria-hidden=\"true\" class=\"wp-block-spacer\"><\/div>\n\n\n\n<div class=\"wp-block-columns is-layout-flex wp-container-5\">\n<div class=\"wp-block-column is-layout-flow\"><div class=\"wp-block-image icon-style is-style-default\">\n<figure class=\"aligncenter is-resized\"><img decoding=\"async\" loading=\"lazy\" src=\"https:\/\/fabenglishschool.com\/wp-content\/themes\/neve\/assets\/img\/starter-content\/icon-03.svg\" alt=\"\" width=\"48\" height=\"48\"\/><\/figure><\/div>\n\n\n<h3 class=\"wp-block-heading has-text-align-center has-neve-text-color-color has-text-color\">Profesores nativos o 100% biling\u00fces<\/h3>\n\n\n\n<div style=\"height:20px\" aria-hidden=\"true\" class=\"wp-block-spacer\"><\/div>\n<\/div>\n\n\n\n<div class=\"wp-block-column is-layout-flow\"><div class=\"wp-block-image icon-style is-style-default\">\n<figure class=\"aligncenter is-resized\"><img decoding=\"async\" loading=\"lazy\" src=\"https:\/\/fabenglishschool.com\/wp-content\/themes\/neve\/assets\/img\/starter-content\/icon-02.svg\" alt=\"\" width=\"48\" height=\"48\"\/><\/figure><\/div>\n\n\n<h3 class=\"wp-block-heading has-text-align-center has-neve-text-color-color has-text-color\">Todos los niveles desde elemental hasta avanzado<\/h3>\n\n\n\n<div style=\"height:20px\" aria-hidden=\"true\" class=\"wp-block-spacer\"><\/div>\n<\/div>\n\n\n\n<div class=\"wp-block-column is-layout-flow\"><div class=\"wp-block-image icon-style is-style-rounded\">\n<figure class=\"aligncenter is-resized\"><img decoding=\"async\" loading=\"lazy\" src=\"https:\/\/fabenglishschool.com\/wp-content\/themes\/neve\/assets\/img\/starter-content\/icon-01.svg\" alt=\"\" width=\"48\" height=\"48\"\/><\/figure><\/div>\n\n\n<h3 class=\"wp-block-heading has-text-align-center has-neve-text-color-color has-text-color\">Clases din\u00e1micas y amenas <\/h3>\n\n\n\n<div style=\"height:20px\" aria-hidden=\"true\" class=\"wp-block-spacer\"><\/div>\n<\/div>\n<\/div>\n\n\n\n<div style=\"height:52px\" aria-hidden=\"true\" class=\"wp-block-spacer\"><\/div>\n\n\n\n<div class=\"wp-block-cover alignfull\" style=\"min-height:600px\"><span aria-hidden=\"true\" class=\"wp-block-cover__background has-nv-light-bg-background-color has-background-dim-100 has-background-dim\"><\/span><div class=\"wp-block-cover__inner-container\">\n<div class=\"wp-block-group is-layout-flow\"><div class=\"wp-block-group__inner-container\">\n<div style=\"height:54px\" aria-hidden=\"true\" class=\"wp-block-spacer\"><\/div>\n\n\n\n<div class=\"wp-block-columns are-vertically-aligned-center is-layout-flex wp-container-9\">\n<div class=\"wp-block-column is-vertically-aligned-center is-layout-flow\" style=\"flex-basis:50%\">\n<figure class=\"wp-block-image size-large\"><img decoding=\"async\" loading=\"lazy\" width=\"683\" height=\"1024\" src=\"http:\/\/fabenglishschool.com\/wp-content\/uploads\/2023\/05\/FAB-English-school-683x1024.jpg\" alt=\"\" class=\"wp-image-45\" srcset=\"https:\/\/fabenglishschool.com\/wp-content\/uploads\/2023\/05\/FAB-English-school-683x1024.jpg 683w, https:\/\/fabenglishschool.com\/wp-content\/uploads\/2023\/05\/FAB-English-school-200x300.jpg 200w, https:\/\/fabenglishschool.com\/wp-content\/uploads\/2023\/05\/FAB-English-school-768x1152.jpg 768w, https:\/\/fabenglishschool.com\/wp-content\/uploads\/2023\/05\/FAB-English-school-1024x1536.jpg 1024w, https:\/\/fabenglishschool.com\/wp-content\/uploads\/2023\/05\/FAB-English-school-1365x2048.jpg 1365w, https:\/\/fabenglishschool.com\/wp-content\/uploads\/2023\/05\/FAB-English-school-scaled.jpg 1707w\" sizes=\"(max-width: 683px) 100vw, 683px\" \/><\/figure>\n<\/div>\n\n\n\n<div class=\"wp-block-column is-vertically-aligned-center is-layout-flow\" style=\"flex-basis:50%\">\n<div style=\"height:20px\" aria-hidden=\"true\" class=\"wp-block-spacer\"><\/div>\n\n\n\n<h2 class=\"wp-block-heading has-text-align-left has-neve-text-color-color has-text-color\">Vivimos cada d\u00eda en un mundo m\u00e1s internacional<\/h2>\n\n\n\n<p class=\"has-text-align-left has-neve-text-color-color has-text-color\" style=\"font-size:17px\">Sabemos la importancia que tienen los idiomas en la actualidad. Por eso, FAB! English school quiere ayudarte a abrir tus fronteras a la pr\u00e1ctica del idioma. <\/p>\n\n\n\n<div class=\"wp-block-buttons is-content-justification-left is-layout-flex wp-container-7\">\n<div class=\"wp-block-button is-style-primary\"><a class=\"wp-block-button__link has-nv-site-bg-color has-text-color wp-element-button\" href=\"https:\/\/fabenglishschool.com\/?page_id=7\">SABER M\u00c1S<\/a><\/div>\n<\/div>\n<\/div>\n<\/div>\n\n\n\n<div style=\"height:31px\" aria-hidden=\"true\" class=\"wp-block-spacer\"><\/div>\n<\/div><\/div>\n<\/div><\/div>\n\n\n\n<div class=\"wp-block-cover alignfull\" style=\"min-height:600px\"><span aria-hidden=\"true\" class=\"wp-block-cover__background has-nv-site-bg-background-color has-background-dim-100 has-background-dim\"><\/span><div class=\"wp-block-cover__inner-container\">\n<div class=\"wp-block-group is-layout-flow\"><div class=\"wp-block-group__inner-container\">\n<div style=\"height:80px\" aria-hidden=\"true\" class=\"wp-block-spacer\"><\/div>\n\n\n\n<div class=\"wp-block-columns are-vertically-aligned-center is-layout-flex wp-container-14\">\n<div class=\"wp-block-column is-vertically-aligned-center is-layout-flow\" style=\"flex-basis:50%\">\n<h2 class=\"wp-block-heading has-text-align-left has-neve-text-color-color has-text-color\">Ofrecemos cursos para todas las edades y para todas las necesidades<\/h2>\n\n\n\n<p class=\"has-text-align-left has-neve-text-color-color has-text-color\" style=\"font-size:17px\">Desde los m\u00e1s peque\u00f1os (a partir de 3 a\u00f1os), ya sea en grupo, clases particulares o cursos a medida, encontrar\u00e1s el curso perfecto para ti. Adem\u00e1s, todos ellos tienen en com\u00fan el aprendizaje comunicativo.<\/p>\n\n\n\n<div class=\"wp-block-buttons is-content-justification-left is-layout-flex wp-container-11\">\n<div class=\"wp-block-button is-style-primary\"><a class=\"wp-block-button__link has-nv-site-bg-color has-text-color wp-element-button\" href=\"https:\/\/fabenglishschool.com\/?page_id=9\">VER M\u00c1S<\/a><\/div>\n<\/div>\n\n\n\n<div style=\"height:40px\" aria-hidden=\"true\" class=\"wp-block-spacer\"><\/div>\n<\/div>\n\n\n\n<div class=\"wp-block-column is-vertically-aligned-center is-layout-flow\" style=\"flex-basis:50%\">\n<figure class=\"wp-block-image size-large\"><img decoding=\"async\" loading=\"lazy\" width=\"1024\" height=\"731\" src=\"http:\/\/fabenglishschool.com\/wp-content\/uploads\/2023\/06\/ninos-aula-tomando-clases-ingles-1024x731.jpg\" alt=\"\" class=\"wp-image-292\" srcset=\"https:\/\/fabenglishschool.com\/wp-content\/uploads\/2023\/06\/ninos-aula-tomando-clases-ingles-1024x731.jpg 1024w, https:\/\/fabenglishschool.com\/wp-content\/uploads\/2023\/06\/ninos-aula-tomando-clases-ingles-300x214.jpg 300w, https:\/\/fabenglishschool.com\/wp-content\/uploads\/2023\/06\/ninos-aula-tomando-clases-ingles-768x549.jpg 768w, https:\/\/fabenglishschool.com\/wp-content\/uploads\/2023\/06\/ninos-aula-tomando-clases-ingles-1536x1097.jpg 1536w, https:\/\/fabenglishschool.com\/wp-content\/uploads\/2023\/06\/ninos-aula-tomando-clases-ingles-2048x1463.jpg 2048w\" sizes=\"(max-width: 1024px) 100vw, 1024px\" \/><figcaption class=\"wp-element-caption\">Be focus and patient while teaching new things<\/figcaption><\/figure>\n<\/div>\n<\/div>\n\n\n\n<div style=\"height:40px\" aria-hidden=\"true\" class=\"wp-block-spacer\"><\/div>\n<\/div><\/div>\n<\/div><\/div>\n\n\n\n<div class=\"wp-block-cover alignfull\" style=\"min-height:300px\"><span aria-hidden=\"true\" class=\"wp-block-cover__background has-nv-dark-bg-background-color has-background-dim-100 has-background-dim\"><\/span><div class=\"wp-block-cover__inner-container\">\n<div style=\"height:60px\" aria-hidden=\"true\" class=\"wp-block-spacer\"><\/div>\n\n\n\n<h2 class=\"wp-block-heading has-text-align-center has-nv-text-dark-bg-color has-text-color\">FAB! English school significa seriedad, profesionalidad, y garant\u00eda de calidad!<\/h2>\n\n\n\n<p class=\"has-text-align-center has-medium-font-size\">Trabajamos por tu futuro.<\/p>\n\n\n\n<div style=\"height:60px\" aria-hidden=\"true\" class=\"wp-block-spacer\"><\/div>\n<\/div><\/div>\n\n\n\n<div class=\"wp-block-cover alignfull\" style=\"min-height:266px\"><span aria-hidden=\"true\" class=\"wp-block-cover__background has-nv-dark-bg-background-color has-background-dim-100 has-background-dim\"><\/span><div class=\"wp-block-cover__inner-container\">\n<div class=\"wp-block-group is-layout-flow\"><div class=\"wp-block-group__inner-container\">\n<div class=\"wp-block-columns are-vertically-aligned-center is-layout-flex wp-container-18\">\n<div class=\"wp-block-column is-vertically-aligned-center is-layout-flow\" style=\"flex-basis:50%\">\n<figure class=\"wp-block-image size-large\"><img decoding=\"async\" loading=\"lazy\" width=\"1024\" height=\"683\" src=\"http:\/\/fabenglishschool.com\/wp-content\/uploads\/2023\/05\/fab-siu-1024x683.jpg\" alt=\"\" class=\"wp-image-52\" srcset=\"https:\/\/fabenglishschool.com\/wp-content\/uploads\/2023\/05\/fab-siu-1024x683.jpg 1024w, https:\/\/fabenglishschool.com\/wp-content\/uploads\/2023\/05\/fab-siu-300x200.jpg 300w, https:\/\/fabenglishschool.com\/wp-content\/uploads\/2023\/05\/fab-siu-768x512.jpg 768w, https:\/\/fabenglishschool.com\/wp-content\/uploads\/2023\/05\/fab-siu-1536x1024.jpg 1536w, https:\/\/fabenglishschool.com\/wp-content\/uploads\/2023\/05\/fab-siu-2048x1366.jpg 2048w, https:\/\/fabenglishschool.com\/wp-content\/uploads\/2023\/05\/fab-siu-930x620.jpg 930w\" sizes=\"(max-width: 1024px) 100vw, 1024px\" \/><\/figure>\n<\/div>\n\n\n\n<div class=\"wp-block-column is-vertically-aligned-center is-layout-flow\" style=\"flex-basis:50%\">\n<div style=\"height:40px\" aria-hidden=\"true\" class=\"wp-block-spacer\"><\/div>\n\n\n\n<h2 class=\"wp-block-heading has-text-align-left has-nv-text-dark-bg-color has-text-color\">Enfoque comunicativo y participativo<\/h2>\n<\/div>\n<\/div>\n<\/div><\/div>\n<\/div><\/div>\n","protected":false},"excerpt":{"rendered":"<p>Profesores nativos o 100% biling\u00fces Todos los niveles desde elemental hasta avanzado Clases din\u00e1micas y amenas<\/p>\n","protected":false},"author":1,"featured_media":0,"parent":0,"menu_order":0,"comment_status":"closed","ping_status":"closed","template":"","meta":{"neve_meta_sidebar":"","neve_meta_container":"","neve_meta_enable_content_width":"on","neve_meta_content_width":100,"neve_meta_title_alignment":"","neve_meta_author_avatar":"","neve_post_elements_order":"","neve_meta_disable_header":"","neve_meta_disable_footer":"","neve_meta_disable_title":"on"},"_links":{"self":[{"href":"https:\/\/fabenglishschool.com\/index.php?rest_route=\/wp\/v2\/pages\/6"}],"collection":[{"href":"https:\/\/fabenglishschool.com\/index.php?rest_route=\/wp\/v2\/pages"}],"about":[{"href":"https:\/\/fabenglishschool.com\/index.php?rest_route=\/wp\/v2\/types\/page"}],"author":[{"embeddable":true,"href":"https:\/\/fabenglishschool.com\/index.php?rest_route=\/wp\/v2\/users\/1"}],"replies":[{"embeddable":true,"href":"https:\/\/fabenglishschool.com\/index.php?rest_route=%2Fwp%2Fv2%2Fcomments&post=6"}],"version-history":[{"count":39,"href":"https:\/\/fabenglishschool.com\/index.php?rest_route=\/wp\/v2\/pages\/6\/revisions"}],"predecessor-version":[{"id":297,"href":"https:\/\/fabenglishschool.com\/index.php?rest_route=\/wp\/v2\/pages\/6\/revisions\/297"}],"wp:attachment":[{"href":"https:\/\/fabenglishschool.com\/index.php?rest_route=%2Fwp%2Fv2%2Fmedia&parent=6"}],"curies":[{"name":"wp","href":"https:\/\/api.w.org\/{rel}","templated":true}]}}