{"id":325,"date":"2023-06-08T08:26:45","date_gmt":"2023-06-08T08:26:45","guid":{"rendered":"https:\/\/fabenglishschool.com\/?page_id=325"},"modified":"2023-06-08T08:26:45","modified_gmt":"2023-06-08T08:26:45","slug":"empresas","status":"publish","type":"page","link":"https:\/\/fabenglishschool.com\/?page_id=325","title":{"rendered":"Empresas"},"content":{"rendered":"\n<p>\ud83c\uddec\ud83c\udde7 En FAB! English school conocemos la importancia de un segundo idioma en el mundo empresarial. El ingl\u00e9s es el idioma internacional por excelencia para los negocios y la comunicaci\u00f3n entre pa\u00edses.<\/p>\n\n\n\n<p>\ud83c\uddec\ud83c\udde7 Hoy en d\u00eda el aprendizaje de idiomas es un elemento fundamental de los programas de formaci\u00f3n de las empresas. Nuestros cursos especiales para empresas se han dise\u00f1ado para facilitar a nuestros alumnos las herramientas necesarias que les permitan desempe\u00f1ar las tareas de su trabajo de un modo m\u00e1s eficaz y puedan alcanzar mejores resultados.\u00a0<\/p>\n\n\n\n<p>\ud83c\uddec\ud83c\udde7 Gracias a nuestra metodolog\u00eda con un claro enfoque comunicativo, los alumnos estar\u00e1n capacitados para mantener una correcta comunicaci\u00f3n tanto por tel\u00e9fono como personalmente, desenvolverse en reuniones internacionales, hacer presentaciones, etc.\u00a0Tambi\u00e9n preparamos para diplomas reconocidos mundialmente en el campo del ingl\u00e9s con fines comerciales.<\/p>\n\n\n\n<p>\ud83c\uddec\ud83c\udde7 Nuestros profesores pueden desplazarse al lugar del trabajo o bien impartirlos en nuestras instalaciones.\u00a0 Nos adaptamos con total flexibilidad a los horarios que m\u00e1s convenga a los trabajadores, para evitar cualquier tipo de incompatibilidad que pudiera impedir la buena marcha de los cursos.\u00a0<\/p>\n\n\n\n<h3 class=\"wp-block-heading\">\u00bfPor qu\u00e9 debe elegir a FAB! English school para la impartici\u00f3n de los cursos?<\/h3>\n\n\n\n<ul>\n<li>Presupuestos personalizados.<\/li>\n\n\n\n<li>Pruebas de nivel a cada alumno<\/li>\n\n\n\n<li>Elaboraci\u00f3n de los planes de formaci\u00f3n adaptados<\/li>\n\n\n\n<li>Control de asistencia en las clases (realizamos un informe mensual)<\/li>\n\n\n\n<li>Informes de progreso (para que la empresa conozca el progreso real de sus empleados)<\/li>\n\n\n\n<li>Profesores nativos o 100% biling\u00fce\u00a0<\/li>\n<\/ul>\n","protected":false},"excerpt":{"rendered":"<p>\ud83c\uddec\ud83c\udde7 En FAB! English school conocemos la importancia de un segundo idioma en el mundo empresarial. El ingl\u00e9s es el idioma internacional por excelencia para los negocios y la comunicaci\u00f3n entre pa\u00edses. \ud83c\uddec\ud83c\udde7 Hoy en d\u00eda el aprendizaje de idiomas es un elemento fundamental de los programas de formaci\u00f3n de las empresas. Nuestros cursos especiales&hellip;&nbsp;<a href=\"https:\/\/fabenglishschool.com\/?page_id=325\" class=\"\" rel=\"bookmark\">Read More &raquo;<span class=\"screen-reader-text\">Empresas<\/span><\/a><\/p>\n","protected":false},"author":1,"featured_media":0,"parent":0,"menu_order":0,"comment_status":"closed","ping_status":"closed","template":"","meta":{"neve_meta_sidebar":"","neve_meta_container":"","neve_meta_enable_content_width":"","neve_meta_content_width":0,"neve_meta_title_alignment":"","neve_meta_author_avatar":"","neve_post_elements_order":"","neve_meta_disable_header":"","neve_meta_disable_footer":"","neve_meta_disable_title":""},"_links":{"self":[{"href":"https:\/\/fabenglishschool.com\/index.php?rest_route=\/wp\/v2\/pages\/325"}],"collection":[{"href":"https:\/\/fabenglishschool.com\/index.php?rest_route=\/wp\/v2\/pages"}],"about":[{"href":"https:\/\/fabenglishschool.com\/index.php?rest_route=\/wp\/v2\/types\/page"}],"author":[{"embeddable":true,"href":"https:\/\/fabenglishschool.com\/index.php?rest_route=\/wp\/v2\/users\/1"}],"replies":[{"embeddable":true,"href":"https:\/\/fabenglishschool.com\/index.php?rest_route=%2Fwp%2Fv2%2Fcomments&post=325"}],"version-history":[{"count":1,"href":"https:\/\/fabenglishschool.com\/index.php?rest_route=\/wp\/v2\/pages\/325\/revisions"}],"predecessor-version":[{"id":326,"href":"https:\/\/fabenglishschool.com\/index.php?rest_route=\/wp\/v2\/pages\/325\/revisions\/326"}],"wp:attachment":[{"href":"https:\/\/fabenglishschool.com\/index.php?rest_route=%2Fwp%2Fv2%2Fmedia&parent=325"}],"curies":[{"name":"wp","href":"https:\/\/api.w.org\/{rel}","templated":true}]}}