{"id":238,"date":"2023-05-28T09:39:50","date_gmt":"2023-05-28T09:39:50","guid":{"rendered":"https:\/\/fabenglishschool.com\/?page_id=238"},"modified":"2023-06-08T08:00:29","modified_gmt":"2023-06-08T08:00:29","slug":"jovenes","status":"publish","type":"page","link":"https:\/\/fabenglishschool.com\/?page_id=238","title":{"rendered":"J\u00f3venes"},"content":{"rendered":"\n<div class=\"wp-block-cover\" style=\"min-height:254px\"><span aria-hidden=\"true\" class=\"wp-block-cover__background has-nv-site-bg-background-color has-background-dim-100 has-background-dim\"><\/span><div class=\"wp-block-cover__inner-container\">\n<p class=\"has-neve-text-color-color has-text-color has-medium-font-size\">\ud83c\uddec\ud83c\udde7 Estos cursos se dirigen a j\u00f3venes, entre 12 \u2013 18 a\u00f1os, que quieren llegar a tener un nivel m\u00e1s alto del que pueden alcanzar en el colegio\/instituto. Est\u00e1n basados en la comunicaci\u00f3n y uno de nuestros objetivos principales es ayudarles a&nbsp; tener una s\u00f3lida formaci\u00f3n en ingl\u00e9s para el futuro. Desarrollamos su capacidad de entender y utilizar el idioma a nivel oral ya que las clases se imparten completamente en ingl\u00e9s, igual que en todos nuestros cursos.&nbsp;<\/p>\n\n\n\n<p class=\"has-neve-text-color-color has-text-color has-medium-font-size\">\ud83c\uddec\ud83c\udde7 <strong>Tambi\u00e9n ofrecemos clases de refuerzo de ingl\u00e9s para aquellos j\u00f3venes que necesiten un apoyo extra con sus deberes o trabajos escolares.<\/strong><\/p>\n\n\n\n<h2 class=\"wp-block-heading has-neve-link-color-color has-text-color\">\ud83c\uddec\ud83c\udde7 Caracter\u00edsticas de los cursos<\/h2>\n\n\n\n<div class=\"wp-block-cover aligncenter\" style=\"min-height:785px\"><span aria-hidden=\"true\" class=\"wp-block-cover__background has-nv-site-bg-background-color has-background-dim-100 has-background-dim\"><\/span><div class=\"wp-block-cover__inner-container\">\n<div class=\"wp-block-group is-layout-flow\"><div class=\"wp-block-group__inner-container\">\n<div style=\"height:0px\" aria-hidden=\"true\" class=\"wp-block-spacer\"><\/div>\n\n\n\n<div class=\"wp-block-columns alignfull is-layout-flex wp-container-3\">\n<div class=\"wp-block-column is-layout-flow\" style=\"flex-basis:100%\">\n<h3 class=\"wp-block-heading has-text-align-center has-neve-text-color-color has-text-color\">TEENS<\/h3>\n\n\n\n<figure class=\"wp-block-image size-large\"><img decoding=\"async\" loading=\"lazy\" width=\"1024\" height=\"727\" src=\"http:\/\/fabenglishschool.com\/wp-content\/uploads\/2023\/05\/cuatro-ninos-preparados-lecciones-1024x727.jpg\" alt=\"\" class=\"wp-image-254\" srcset=\"https:\/\/fabenglishschool.com\/wp-content\/uploads\/2023\/05\/cuatro-ninos-preparados-lecciones-1024x727.jpg 1024w, https:\/\/fabenglishschool.com\/wp-content\/uploads\/2023\/05\/cuatro-ninos-preparados-lecciones-300x213.jpg 300w, https:\/\/fabenglishschool.com\/wp-content\/uploads\/2023\/05\/cuatro-ninos-preparados-lecciones-768x545.jpg 768w, https:\/\/fabenglishschool.com\/wp-content\/uploads\/2023\/05\/cuatro-ninos-preparados-lecciones-1536x1090.jpg 1536w, https:\/\/fabenglishschool.com\/wp-content\/uploads\/2023\/05\/cuatro-ninos-preparados-lecciones-2048x1453.jpg 2048w\" sizes=\"(max-width: 1024px) 100vw, 1024px\" \/><figcaption class=\"wp-element-caption\">Four of kids prepared to lessons<\/figcaption><\/figure>\n\n\n\n<p class=\"has-neve-link-color-color has-text-color has-medium-font-size\"><\/p>\n\n\n\n<p class=\"has-neve-link-color-color has-text-color has-medium-font-size\">Sabemos por propia experiencia, que muchos j\u00f3venes tienen los conocimientos te\u00f3ricos pero, por falta de tiempo y atenci\u00f3n en los colegios, carecen de la&nbsp; pr\u00e1ctica. En <strong>Fab! English school<\/strong> queremos ayudarles a potenciar estas habilidades promoviendo en todo momento una participaci\u00f3n activa del alumno. Ofrecemos clases amenas, profesores motivados y con gran experiencia en el&nbsp; trabajo con j\u00f3venes utilizando las \u00faltimas metodolog\u00edas.<\/p>\n\n\n\n<div class=\"wp-block-buttons is-content-justification-center is-layout-flex wp-container-1\"><\/div>\n\n\n\n<h2 class=\"wp-block-heading has-neve-link-color-color has-text-color\">\ud83d\udc69\ud83c\udffc\u200d\ud83c\udfeb Grupos y niveles<\/h2>\n\n\n\n<p class=\"has-neve-link-color-color has-text-color has-medium-font-size\">\ud83c\uddec\ud83c\udde7 Para cubrir los objetivos de los cursos, todos los niveles del centro, cuentan con un m\u00e1ximo de 6 alumnos por clase para poder dar la atenci\u00f3n adecuada al alumnado. Un n\u00famero tan reducido de estudiantes por aula, permite practicar el idioma m\u00e1s activamente y clarificar las dudas individuales de cada alumno.<\/p>\n\n\n\n<p class=\"has-neve-link-color-color has-text-color has-medium-font-size\">\ud83c\uddec\ud83c\udde7 Los alumnos de un mismo grupo tienen un nivel homog\u00e9neo. Al matricularse en el centro, es imprescindible realizar un test de nivel para poder asignarle el grupo correspondiente.<\/p>\n\n\n\n<h2 class=\"wp-block-heading has-neve-link-color-color has-text-color\">\ud83d\udcda Seguimiento<\/h2>\n\n\n\n<p class=\"has-neve-link-color-color has-text-color has-medium-font-size\">Para seguir el progreso, los alumnos recibir\u00e1n un StudentReport cada trimestre. All\u00ed se evaluar\u00e1 todas las destrezas del idioma adem\u00e1s de facilitar informaci\u00f3n sobre las ausencias y comportamiento del alumno dentro de la clase.<\/p>\n\n\n\n<h2 class=\"wp-block-heading has-neve-link-color-color has-text-color\">\ud83d\udcc6 Horarios y calendario<\/h2>\n\n\n\n<p class=\"has-neve-link-color-color has-text-color has-medium-font-size\">Los cursos se organizan en 2 clases semanales de 1 hora cada una, lunes y mi\u00e9rcoles o martes y jueves. Tambi\u00e9n existe la posibilidad de venir \u00fanicamente los viernes, 2 horas seguidas. <\/p>\n\n\n\n<p class=\"has-neve-link-color-color has-text-color has-medium-font-size\">Las clases siguen la estructura del a\u00f1o escolar, empezando a finales de junio, con vacaciones en Navidad y Semana Santa. No son lectivos los festivos correspondientes al municipio de Getafe.<\/p>\n\n\n\n<p><\/p>\n<\/div>\n<\/div>\n<\/div><\/div>\n<\/div><\/div>\n<\/div><\/div>\n","protected":false},"excerpt":{"rendered":"","protected":false},"author":1,"featured_media":0,"parent":0,"menu_order":0,"comment_status":"closed","ping_status":"closed","template":"","meta":{"neve_meta_sidebar":"","neve_meta_container":"","neve_meta_enable_content_width":"","neve_meta_content_width":0,"neve_meta_title_alignment":"","neve_meta_author_avatar":"","neve_post_elements_order":"","neve_meta_disable_header":"","neve_meta_disable_footer":"","neve_meta_disable_title":""},"_links":{"self":[{"href":"https:\/\/fabenglishschool.com\/index.php?rest_route=\/wp\/v2\/pages\/238"}],"collection":[{"href":"https:\/\/fabenglishschool.com\/index.php?rest_route=\/wp\/v2\/pages"}],"about":[{"href":"https:\/\/fabenglishschool.com\/index.php?rest_route=\/wp\/v2\/types\/page"}],"author":[{"embeddable":true,"href":"https:\/\/fabenglishschool.com\/index.php?rest_route=\/wp\/v2\/users\/1"}],"replies":[{"embeddable":true,"href":"https:\/\/fabenglishschool.com\/index.php?rest_route=%2Fwp%2Fv2%2Fcomments&post=238"}],"version-history":[{"count":11,"href":"https:\/\/fabenglishschool.com\/index.php?rest_route=\/wp\/v2\/pages\/238\/revisions"}],"predecessor-version":[{"id":317,"href":"https:\/\/fabenglishschool.com\/index.php?rest_route=\/wp\/v2\/pages\/238\/revisions\/317"}],"wp:attachment":[{"href":"https:\/\/fabenglishschool.com\/index.php?rest_route=%2Fwp%2Fv2%2Fmedia&parent=238"}],"curies":[{"name":"wp","href":"https:\/\/api.w.org\/{rel}","templated":true}]}}