{"id":224,"date":"2023-05-28T09:24:44","date_gmt":"2023-05-28T09:24:44","guid":{"rendered":"https:\/\/fabenglishschool.com\/?page_id=224"},"modified":"2023-06-08T08:34:48","modified_gmt":"2023-06-08T08:34:48","slug":"para-ninos","status":"publish","type":"page","link":"https:\/\/fabenglishschool.com\/?page_id=224","title":{"rendered":"Para ni\u00f1os"},"content":{"rendered":"\n<div class=\"wp-block-cover alignwide\" style=\"min-height:254px\"><span aria-hidden=\"true\" class=\"wp-block-cover__background has-nv-site-bg-background-color has-background-dim-100 has-background-dim\"><\/span><div class=\"wp-block-cover__inner-container\">\n<p class=\"has-text-align-left has-neve-text-color-color has-text-color has-medium-font-size\">\ud83c\uddec\ud83c\udde7 El contacto con un segundo idioma a una temprana edad resulta muy exitoso ya que los ni\u00f1os cu\u00e1nto m\u00e1s peque\u00f1os son m\u00e1s receptivos.<\/p>\n\n\n\n<p class=\"has-text-align-left has-neve-text-color-color has-text-color has-medium-font-size\">\ud83c\uddec\ud83c\udde7 <strong>FAB! English school<\/strong> tiene una secci\u00f3n educativa especialmente centrada en el p\u00fablico infantil que ofrece un m\u00e9todo de ense\u00f1anza muy din\u00e1mico y ameno, basado en los \u00faltimos avances pedag\u00f3gicos. No queremos que lo vean como unas meras clases extraescolares m\u00e1s.&nbsp;&nbsp;<\/p>\n<\/div><\/div>\n\n\n\n<h2 class=\"wp-block-heading\">\ud83c\uddec\ud83c\udde7 Caracter\u00edsticas de los cursos<\/h2>\n\n\n\n<div class=\"wp-block-columns is-layout-flex wp-container-3\">\n<div class=\"wp-block-column is-layout-flow\">\n<h3 class=\"wp-block-heading has-text-align-center\">PLAYTIME<\/h3>\n\n\n\n<figure class=\"wp-block-image size-large\"><img decoding=\"async\" loading=\"lazy\" width=\"1024\" height=\"683\" src=\"http:\/\/fabenglishschool.com\/wp-content\/uploads\/2023\/05\/grupo-ninos-leyendo-libros-1024x683.jpg\" alt=\"\" class=\"wp-image-252\" srcset=\"https:\/\/fabenglishschool.com\/wp-content\/uploads\/2023\/05\/grupo-ninos-leyendo-libros-1024x683.jpg 1024w, https:\/\/fabenglishschool.com\/wp-content\/uploads\/2023\/05\/grupo-ninos-leyendo-libros-300x200.jpg 300w, https:\/\/fabenglishschool.com\/wp-content\/uploads\/2023\/05\/grupo-ninos-leyendo-libros-768x513.jpg 768w, https:\/\/fabenglishschool.com\/wp-content\/uploads\/2023\/05\/grupo-ninos-leyendo-libros-1536x1025.jpg 1536w, https:\/\/fabenglishschool.com\/wp-content\/uploads\/2023\/05\/grupo-ninos-leyendo-libros-2048x1367.jpg 2048w, https:\/\/fabenglishschool.com\/wp-content\/uploads\/2023\/05\/grupo-ninos-leyendo-libros-930x620.jpg 930w\" sizes=\"(max-width: 1024px) 100vw, 1024px\" \/><\/figure>\n\n\n\n<p><\/p>\n\n\n\n<p>Ingl\u00e9s para ni\u00f1os de 3-5 a\u00f1os. En estos niveles, los ni\u00f1os trabajan \u00fanicamente el idioma desde un enfoque oral y las clases est\u00e1n dise\u00f1adas para que nuestros alumnos m\u00e1s peque\u00f1os disfruten en ellas. La idea es que los ni\u00f1os aprendan jugando y que se inicien en la lengua inglesa de una manera divertida. Por ello, se utiliza un m\u00e9todo basado en juegos, canciones, rimas, etc y aprender\u00e1n sin darse cuenta.<\/p>\n<\/div>\n\n\n\n<div class=\"wp-block-column is-layout-flow\">\n<h3 class=\"wp-block-heading has-text-align-center\">YOUNGSTERS<\/h3>\n\n\n\n<figure class=\"wp-block-image size-large\"><img decoding=\"async\" loading=\"lazy\" width=\"1024\" height=\"685\" src=\"http:\/\/fabenglishschool.com\/wp-content\/uploads\/2023\/06\/feliz-chica-haciendo-gestos-clase-1024x685.jpg\" alt=\"\" class=\"wp-image-299\" srcset=\"https:\/\/fabenglishschool.com\/wp-content\/uploads\/2023\/06\/feliz-chica-haciendo-gestos-clase-1024x685.jpg 1024w, https:\/\/fabenglishschool.com\/wp-content\/uploads\/2023\/06\/feliz-chica-haciendo-gestos-clase-300x201.jpg 300w, https:\/\/fabenglishschool.com\/wp-content\/uploads\/2023\/06\/feliz-chica-haciendo-gestos-clase-768x514.jpg 768w, https:\/\/fabenglishschool.com\/wp-content\/uploads\/2023\/06\/feliz-chica-haciendo-gestos-clase-1536x1028.jpg 1536w, https:\/\/fabenglishschool.com\/wp-content\/uploads\/2023\/06\/feliz-chica-haciendo-gestos-clase-2048x1370.jpg 2048w\" sizes=\"(max-width: 1024px) 100vw, 1024px\" \/><\/figure>\n\n\n\n<p><\/p>\n\n\n\n<p>Ingl\u00e9s para ni\u00f1os de 6 &#8211; 12 a\u00f1os. En los siguientes niveles seguimos dando mucha importancia a la parte oral pero tambi\u00e9n se trabaja ya la parte escrita del idioma. La idea es que los alumnos vayan un curso por delante, respecto al colegio. El m\u00e9todo contin\u00faa siendo muy ameno para que sigan disfrutando del aprendizaje. <\/p>\n<\/div>\n<\/div>\n\n\n\n<div class=\"wp-block-buttons is-content-justification-center is-layout-flex wp-container-4\">\n<div class=\"wp-block-button\"><a class=\"wp-block-button__link has-neve-link-color-background-color has-background has-text-align-center wp-element-button\" href=\"https:\/\/fabenglishschool.com\/?page_id=8\">CONTACTAR<\/a><\/div>\n<\/div>\n\n\n\n<h2 class=\"wp-block-heading\">\ud83d\udc69\ud83c\udffc\u200d\ud83c\udfeb Grupos y niveles<\/h2>\n\n\n\n<p class=\"has-neve-text-color-color has-text-color has-medium-font-size\">\ud83c\uddec\ud83c\udde7 Para cubrir los objetivos de los cursos, todos los niveles del centro, cuentan con un m\u00e1ximo de 6 alumnos por clase para poder dar la atenci\u00f3n adecuada al alumnado. Un n\u00famero tan reducido de estudiantes por aula, permite practicar el idioma m\u00e1s activamente y clarificar las dudas individuales de cada alumno.<\/p>\n\n\n\n<p class=\"has-medium-font-size\">\ud83c\uddec\ud83c\udde7 Los alumnos de un mismo grupo tienen un nivel homog\u00e9neo. A los ni\u00f1os mayores de 7 a\u00f1os, les pedimos que realicen una peque\u00f1a prueba de nivel al matricularse en el centro para poder asignarle el grupo correspondiente.<\/p>\n\n\n\n<h2 class=\"wp-block-heading\">\ud83d\udcc6 Horarios y calendario<\/h2>\n\n\n\n<p class=\"has-medium-font-size\">\ud83c\uddec\ud83c\udde7 Los cursos se organizan en 2 clases semanales de 1 hora cada una, lunes y mi\u00e9rcoles o martes y jueves. Tambi\u00e9n existe la posibilidad de venir \u00fanicamente los viernes, 1 hora. <\/p>\n\n\n\n<p class=\"has-medium-font-size\">\ud83c\uddec\ud83c\udde7 Las clases siguen la estructura del a\u00f1o escolar, empezando a finales de junio, con vacaciones en Navidad y Semana Santa. No son lectivos los festivos correspondientes al municipio de Getafe.<\/p>\n","protected":false},"excerpt":{"rendered":"<p>\ud83c\uddec\ud83c\udde7 Caracter\u00edsticas de los cursos PLAYTIME Ingl\u00e9s para ni\u00f1os de 3-5 a\u00f1os. En estos niveles, los ni\u00f1os trabajan \u00fanicamente el idioma desde un enfoque oral y las clases est\u00e1n dise\u00f1adas para que nuestros alumnos m\u00e1s peque\u00f1os disfruten en ellas. La idea es que los ni\u00f1os aprendan jugando y que se inicien en la lengua inglesa&hellip;&nbsp;<a href=\"https:\/\/fabenglishschool.com\/?page_id=224\" class=\"\" rel=\"bookmark\">Read More &raquo;<span class=\"screen-reader-text\">Para ni\u00f1os<\/span><\/a><\/p>\n","protected":false},"author":1,"featured_media":0,"parent":0,"menu_order":0,"comment_status":"closed","ping_status":"closed","template":"","meta":{"neve_meta_sidebar":"","neve_meta_container":"","neve_meta_enable_content_width":"","neve_meta_content_width":0,"neve_meta_title_alignment":"","neve_meta_author_avatar":"","neve_post_elements_order":"","neve_meta_disable_header":"","neve_meta_disable_footer":"","neve_meta_disable_title":""},"_links":{"self":[{"href":"https:\/\/fabenglishschool.com\/index.php?rest_route=\/wp\/v2\/pages\/224"}],"collection":[{"href":"https:\/\/fabenglishschool.com\/index.php?rest_route=\/wp\/v2\/pages"}],"about":[{"href":"https:\/\/fabenglishschool.com\/index.php?rest_route=\/wp\/v2\/types\/page"}],"author":[{"embeddable":true,"href":"https:\/\/fabenglishschool.com\/index.php?rest_route=\/wp\/v2\/users\/1"}],"replies":[{"embeddable":true,"href":"https:\/\/fabenglishschool.com\/index.php?rest_route=%2Fwp%2Fv2%2Fcomments&post=224"}],"version-history":[{"count":17,"href":"https:\/\/fabenglishschool.com\/index.php?rest_route=\/wp\/v2\/pages\/224\/revisions"}],"predecessor-version":[{"id":328,"href":"https:\/\/fabenglishschool.com\/index.php?rest_route=\/wp\/v2\/pages\/224\/revisions\/328"}],"wp:attachment":[{"href":"https:\/\/fabenglishschool.com\/index.php?rest_route=%2Fwp%2Fv2%2Fmedia&parent=224"}],"curies":[{"name":"wp","href":"https:\/\/api.w.org\/{rel}","templated":true}]}}