{"id":10,"date":"2023-05-14T20:21:34","date_gmt":"2023-05-14T20:21:34","guid":{"rendered":"https:\/\/fabenglishschool.com\/?page_id=10"},"modified":"2023-06-07T19:08:54","modified_gmt":"2023-06-07T19:08:54","slug":"detalles-del-proyecto","status":"publish","type":"page","link":"https:\/\/fabenglishschool.com\/?page_id=10","title":{"rendered":"Preparaci\u00f3n"},"content":{"rendered":"\n<div class=\"wp-block-cover alignfull\" style=\"min-height:244px\"><span aria-hidden=\"true\" class=\"wp-block-cover__background has-nv-site-bg-background-color has-background-dim-100 has-background-dim\"><\/span><div class=\"wp-block-cover__inner-container\">\n<div class=\"wp-block-group is-layout-flow\"><div class=\"wp-block-group__inner-container\">\n<div class=\"wp-block-columns are-vertically-aligned-center is-layout-flex wp-container-2\">\n<div class=\"wp-block-column is-vertically-aligned-center is-layout-flow\" style=\"flex-basis:100%\">\n<h1 class=\"wp-block-heading alignwide has-text-align-left has-neve-text-color-color has-text-color\">Preparaci\u00f3n ex\u00e1menes Cambridge<\/h1>\n<\/div>\n<\/div>\n<\/div><\/div>\n<\/div><\/div>\n\n\n\n<div class=\"wp-block-cover alignfull\" style=\"min-height:718px\"><span aria-hidden=\"true\" class=\"wp-block-cover__background has-nv-site-bg-background-color has-background-dim-100 has-background-dim\"><\/span><div class=\"wp-block-cover__inner-container\">\n<div class=\"wp-block-group is-layout-flow\"><div class=\"wp-block-group__inner-container\">\n<div class=\"wp-block-columns is-layout-flex wp-container-7\">\n<div class=\"wp-block-column is-layout-flow\" style=\"flex-basis:66.79%\">\n<figure class=\"wp-block-image size-large\"><img decoding=\"async\" loading=\"lazy\" width=\"1024\" height=\"683\" src=\"http:\/\/fabenglishschool.com\/wp-content\/uploads\/2023\/05\/estudiantes-entrenamiento-1024x683.jpg\" alt=\"\" class=\"wp-image-276\" srcset=\"https:\/\/fabenglishschool.com\/wp-content\/uploads\/2023\/05\/estudiantes-entrenamiento-1024x683.jpg 1024w, https:\/\/fabenglishschool.com\/wp-content\/uploads\/2023\/05\/estudiantes-entrenamiento-300x200.jpg 300w, https:\/\/fabenglishschool.com\/wp-content\/uploads\/2023\/05\/estudiantes-entrenamiento-768x512.jpg 768w, https:\/\/fabenglishschool.com\/wp-content\/uploads\/2023\/05\/estudiantes-entrenamiento-1536x1024.jpg 1536w, https:\/\/fabenglishschool.com\/wp-content\/uploads\/2023\/05\/estudiantes-entrenamiento-2048x1365.jpg 2048w, https:\/\/fabenglishschool.com\/wp-content\/uploads\/2023\/05\/estudiantes-entrenamiento-930x620.jpg 930w\" sizes=\"(max-width: 1024px) 100vw, 1024px\" \/><figcaption class=\"wp-element-caption\">Attentive students listening to explanation of coach or speaker at seminar<\/figcaption><\/figure>\n\n\n\n<div style=\"height:40px\" aria-hidden=\"true\" class=\"wp-block-spacer\"><\/div>\n<\/div>\n\n\n\n<div class=\"wp-block-column is-layout-flow\" style=\"flex-basis:34%\">\n<p class=\"has-neve-text-color-color has-text-color\">Los prestigiosos ex\u00e1menes de Cambridge est\u00e1n destinados a todos aquellos estudiantes de ingl\u00e9s que deseen obtener una certificado oficial, mundialmente reconocido. <br><br>Los t\u00edtulos tienen una validez internacional por parte de institutos, universidades, ministerios, empresas, etc como prueba de nivel del conocimiento del idioma.<\/p>\n\n\n\n<div class=\"wp-block-buttons is-layout-flex\">\n<div class=\"wp-block-button is-style-primary\"><a class=\"wp-block-button__link has-nv-site-bg-color has-text-color wp-element-button\" href=\"https:\/\/fabenglishschool.com\/?page_id=8\">CONT\u00c1CTANOS<\/a><\/div>\n<\/div>\n\n\n\n<hr class=\"wp-block-separator has-css-opacity is-style-wide\"\/>\n\n\n\n<figure class=\"wp-block-image size-large is-style-default\"><img decoding=\"async\" loading=\"lazy\" width=\"1024\" height=\"724\" src=\"http:\/\/fabenglishschool.com\/wp-content\/uploads\/2023\/05\/logo-fab-english-school-4-1-1024x724.png\" alt=\"\" class=\"wp-image-25\" srcset=\"https:\/\/fabenglishschool.com\/wp-content\/uploads\/2023\/05\/logo-fab-english-school-4-1-1024x724.png 1024w, https:\/\/fabenglishschool.com\/wp-content\/uploads\/2023\/05\/logo-fab-english-school-4-1-300x212.png 300w, https:\/\/fabenglishschool.com\/wp-content\/uploads\/2023\/05\/logo-fab-english-school-4-1-768x543.png 768w, https:\/\/fabenglishschool.com\/wp-content\/uploads\/2023\/05\/logo-fab-english-school-4-1-1536x1086.png 1536w, https:\/\/fabenglishschool.com\/wp-content\/uploads\/2023\/05\/logo-fab-english-school-4-1-2048x1448.png 2048w\" sizes=\"(max-width: 1024px) 100vw, 1024px\" \/><\/figure>\n<\/div>\n<\/div>\n<\/div><\/div>\n<\/div><\/div>\n\n\n\n<div class=\"wp-block-cover alignfull\" style=\"min-height:1248px\"><span aria-hidden=\"true\" class=\"wp-block-cover__background has-nv-site-bg-background-color has-background-dim-100 has-background-dim\"><\/span><div class=\"wp-block-cover__inner-container\">\n<div class=\"wp-block-group is-layout-flow\"><div class=\"wp-block-group__inner-container\">\n<h2 class=\"wp-block-heading has-neve-text-color-color has-text-color\">Los ex\u00e1menes cubren la mayor\u00eda de los niveles:<\/h2>\n\n\n\n<div style=\"height:20px\" aria-hidden=\"true\" class=\"wp-block-spacer\"><\/div>\n\n\n\n<div class=\"wp-block-columns are-vertically-aligned-center is-layout-flex wp-container-11\">\n<div class=\"wp-block-column is-vertically-aligned-center is-layout-flow\" style=\"flex-basis:50%\">\n<div class=\"wp-block-cover is-light\"><span aria-hidden=\"true\" class=\"wp-block-cover__background has-background-dim\"><\/span><img decoding=\"async\" loading=\"lazy\" width=\"1707\" height=\"2560\" class=\"wp-block-cover__image-background wp-image-45\" alt=\"\" src=\"http:\/\/fabenglishschool.com\/wp-content\/uploads\/2023\/05\/FAB-English-school-scaled.jpg\" data-object-fit=\"cover\" srcset=\"https:\/\/fabenglishschool.com\/wp-content\/uploads\/2023\/05\/FAB-English-school-scaled.jpg 1707w, https:\/\/fabenglishschool.com\/wp-content\/uploads\/2023\/05\/FAB-English-school-200x300.jpg 200w, https:\/\/fabenglishschool.com\/wp-content\/uploads\/2023\/05\/FAB-English-school-683x1024.jpg 683w, https:\/\/fabenglishschool.com\/wp-content\/uploads\/2023\/05\/FAB-English-school-768x1152.jpg 768w, https:\/\/fabenglishschool.com\/wp-content\/uploads\/2023\/05\/FAB-English-school-1024x1536.jpg 1024w, https:\/\/fabenglishschool.com\/wp-content\/uploads\/2023\/05\/FAB-English-school-1365x2048.jpg 1365w\" sizes=\"(max-width: 1707px) 100vw, 1707px\" \/><div class=\"wp-block-cover__inner-container\">\n<p class=\"has-text-align-center has-nv-site-bg-color has-text-color has-large-font-size\"><strong>KET NIVEL B\u00c1SICO<\/strong><\/p>\n<\/div><\/div>\n\n\n\n<div style=\"height:18px\" aria-hidden=\"true\" class=\"wp-block-spacer\"><\/div>\n\n\n\n<div class=\"wp-block-cover is-light\"><span aria-hidden=\"true\" class=\"wp-block-cover__background has-background-dim\"><\/span><img decoding=\"async\" loading=\"lazy\" width=\"1707\" height=\"2560\" class=\"wp-block-cover__image-background wp-image-45\" alt=\"\" src=\"http:\/\/fabenglishschool.com\/wp-content\/uploads\/2023\/05\/FAB-English-school-scaled.jpg\" data-object-fit=\"cover\" srcset=\"https:\/\/fabenglishschool.com\/wp-content\/uploads\/2023\/05\/FAB-English-school-scaled.jpg 1707w, https:\/\/fabenglishschool.com\/wp-content\/uploads\/2023\/05\/FAB-English-school-200x300.jpg 200w, https:\/\/fabenglishschool.com\/wp-content\/uploads\/2023\/05\/FAB-English-school-683x1024.jpg 683w, https:\/\/fabenglishschool.com\/wp-content\/uploads\/2023\/05\/FAB-English-school-768x1152.jpg 768w, https:\/\/fabenglishschool.com\/wp-content\/uploads\/2023\/05\/FAB-English-school-1024x1536.jpg 1024w, https:\/\/fabenglishschool.com\/wp-content\/uploads\/2023\/05\/FAB-English-school-1365x2048.jpg 1365w\" sizes=\"(max-width: 1707px) 100vw, 1707px\" \/><div class=\"wp-block-cover__inner-container\">\n<p class=\"has-text-align-center has-nv-site-bg-color has-text-color has-large-font-size\"><strong>FIRST CERTIFICATE B2<\/strong><\/p>\n<\/div><\/div>\n\n\n\n<div style=\"height:40px\" aria-hidden=\"true\" class=\"wp-block-spacer\"><\/div>\n<\/div>\n\n\n\n<div class=\"wp-block-column is-vertically-aligned-center is-layout-flow\" style=\"flex-basis:50%\">\n<div class=\"wp-block-cover is-light\"><span aria-hidden=\"true\" class=\"wp-block-cover__background has-background-dim\"><\/span><img decoding=\"async\" loading=\"lazy\" width=\"1707\" height=\"2560\" class=\"wp-block-cover__image-background wp-image-45\" alt=\"\" src=\"http:\/\/fabenglishschool.com\/wp-content\/uploads\/2023\/05\/FAB-English-school-scaled.jpg\" data-object-fit=\"cover\" srcset=\"https:\/\/fabenglishschool.com\/wp-content\/uploads\/2023\/05\/FAB-English-school-scaled.jpg 1707w, https:\/\/fabenglishschool.com\/wp-content\/uploads\/2023\/05\/FAB-English-school-200x300.jpg 200w, https:\/\/fabenglishschool.com\/wp-content\/uploads\/2023\/05\/FAB-English-school-683x1024.jpg 683w, https:\/\/fabenglishschool.com\/wp-content\/uploads\/2023\/05\/FAB-English-school-768x1152.jpg 768w, https:\/\/fabenglishschool.com\/wp-content\/uploads\/2023\/05\/FAB-English-school-1024x1536.jpg 1024w, https:\/\/fabenglishschool.com\/wp-content\/uploads\/2023\/05\/FAB-English-school-1365x2048.jpg 1365w\" sizes=\"(max-width: 1707px) 100vw, 1707px\" \/><div class=\"wp-block-cover__inner-container\">\n<p class=\"has-text-align-center has-nv-site-bg-color has-text-color has-large-font-size\"><strong>PET NIVEL INTERMEDIO<\/strong><\/p>\n<\/div><\/div>\n\n\n\n<div style=\"height:18px\" aria-hidden=\"true\" class=\"wp-block-spacer\"><\/div>\n\n\n\n<div class=\"wp-block-cover is-light\"><span aria-hidden=\"true\" class=\"wp-block-cover__background has-background-dim\"><\/span><img decoding=\"async\" loading=\"lazy\" width=\"1707\" height=\"2560\" class=\"wp-block-cover__image-background wp-image-45\" alt=\"\" src=\"http:\/\/fabenglishschool.com\/wp-content\/uploads\/2023\/05\/FAB-English-school-scaled.jpg\" data-object-fit=\"cover\" srcset=\"https:\/\/fabenglishschool.com\/wp-content\/uploads\/2023\/05\/FAB-English-school-scaled.jpg 1707w, https:\/\/fabenglishschool.com\/wp-content\/uploads\/2023\/05\/FAB-English-school-200x300.jpg 200w, https:\/\/fabenglishschool.com\/wp-content\/uploads\/2023\/05\/FAB-English-school-683x1024.jpg 683w, https:\/\/fabenglishschool.com\/wp-content\/uploads\/2023\/05\/FAB-English-school-768x1152.jpg 768w, https:\/\/fabenglishschool.com\/wp-content\/uploads\/2023\/05\/FAB-English-school-1024x1536.jpg 1024w, https:\/\/fabenglishschool.com\/wp-content\/uploads\/2023\/05\/FAB-English-school-1365x2048.jpg 1365w\" sizes=\"(max-width: 1707px) 100vw, 1707px\" \/><div class=\"wp-block-cover__inner-container\">\n<p class=\"has-text-align-center has-nv-site-bg-color has-text-color has-large-font-size\"><strong>CERTIFICATE IN ADVANCED C1<\/strong><\/p>\n<\/div><\/div>\n<\/div>\n<\/div>\n\n\n\n<div style=\"height:0px\" aria-hidden=\"true\" class=\"wp-block-spacer\"><\/div>\n<\/div><\/div>\n<\/div><\/div>\n","protected":false},"excerpt":{"rendered":"","protected":false},"author":1,"featured_media":0,"parent":0,"menu_order":0,"comment_status":"closed","ping_status":"closed","template":"","meta":{"neve_meta_sidebar":"","neve_meta_container":"","neve_meta_enable_content_width":"on","neve_meta_content_width":100,"neve_meta_title_alignment":"","neve_meta_author_avatar":"","neve_post_elements_order":"","neve_meta_disable_header":"","neve_meta_disable_footer":"","neve_meta_disable_title":"on"},"_links":{"self":[{"href":"https:\/\/fabenglishschool.com\/index.php?rest_route=\/wp\/v2\/pages\/10"}],"collection":[{"href":"https:\/\/fabenglishschool.com\/index.php?rest_route=\/wp\/v2\/pages"}],"about":[{"href":"https:\/\/fabenglishschool.com\/index.php?rest_route=\/wp\/v2\/types\/page"}],"author":[{"embeddable":true,"href":"https:\/\/fabenglishschool.com\/index.php?rest_route=\/wp\/v2\/users\/1"}],"replies":[{"embeddable":true,"href":"https:\/\/fabenglishschool.com\/index.php?rest_route=%2Fwp%2Fv2%2Fcomments&post=10"}],"version-history":[{"count":23,"href":"https:\/\/fabenglishschool.com\/index.php?rest_route=\/wp\/v2\/pages\/10\/revisions"}],"predecessor-version":[{"id":295,"href":"https:\/\/fabenglishschool.com\/index.php?rest_route=\/wp\/v2\/pages\/10\/revisions\/295"}],"wp:attachment":[{"href":"https:\/\/fabenglishschool.com\/index.php?rest_route=%2Fwp%2Fv2%2Fmedia&parent=10"}],"curies":[{"name":"wp","href":"https:\/\/api.w.org\/{rel}","templated":true}]}}